{"id":5027,"date":"2024-03-13T23:05:21","date_gmt":"2024-03-13T23:05:21","guid":{"rendered":"https:\/\/filmoskopija.com\/?page_id=5027"},"modified":"2024-11-08T15:26:15","modified_gmt":"2024-11-08T15:26:15","slug":"eseji","status":"publish","type":"page","link":"https:\/\/filmoskopija.com\/en\/eseji\/","title":{"rendered":"Essays"},"content":{"rendered":"<div class=\"wpb-content-wrapper\"><div class=\"vc_row wpb_row vc_row-fluid\" ><div class=\"wpb_column vc_column_container vc_col-sm-12\"><div class=\"vc_column-inner\"><div class=\"wpb_wrapper\"><div class=\"edgtf-news-holder edgtf-layout1 edgtf-news-columns-3 edgtf-normal-space\"  data-post-status=\"publish\" data-category-name=\"eseji\" data-ignore-sticky-posts=\"1\" data-posts-per-page=\"100\" data-paged=\"1\" data-max-num-pages=\"1\" data-next-page=\"2\" data-title-tag=\"h3\" data-image-size=\"journo_edge_landscape\" data-display-categories=\"yes\" data-display-excerpt=\"yes\" data-display-date=\"yes\" data-date-format=\"published\" data-display-like=\"no\" data-display-comments=\"no\" data-display-share=\"no\" data-display-hot-trending-icons=\"no\" data-layout=\"edgtf_layout1\"><div class=\"edgtf-news-list-inner edgtf-outer-space\" data-number-of-items=\"1\"   data-slider-speed=\"4000\" data-slider-speed-animation=\"600\"  ><div class=\"edgtf-news-item edgtf-layout1-item edgtf-item-space\">\n\t<div class=\"edgtf-ni-image-holder\">\n\t\t\t<div class=\"edgtf-post-image\">\n\t\t<a itemprop=\"url\" href=\"https:\/\/filmoskopija.com\/en\/idealizam-otapanje\/\" title=\"Idealizam, otapanje\">\n\t\t\t<img decoding=\"async\" width=\"1100\" height=\"550\" src=\"https:\/\/filmoskopija.com\/wp-content\/uploads\/2025\/06\/Otapanje-1-1100x550.png\" class=\"attachment-journo_edge_landscape size-journo_edge_landscape\" alt=\"otapanje vladara\" \/>\t\t<\/a>\n\t<\/div>\n        <div class=\"edgtf-ni-like-comments-share-holder\">\n                                            <\/div>\n\t<\/div>\n\t<div class=\"edgtf-ni-content\">\n\t\t<div class=\"edgtf-ni-info edgtf-ni-info-top\">\n            \t<div class=\"edgtf-post-info-category\">\n\t\t<a href=\"https:\/\/filmoskopija.com\/en\/category\/eseji\/\" rel=\"category tag\">Essays<\/a>\t<\/div>\n\t\t<\/div>\n\t\t\n<h3 itemprop=\"name\" class=\"entry-title edgtf-post-title edgtf-custom-style\" >\n<a itemprop=\"url\" href=\"https:\/\/filmoskopija.com\/en\/idealizam-otapanje\/\" title=\"Idealizam, otapanje\">\n    Idealizam, otapanje<\/a>\n<\/h3>\t\t\t\t<div class=\"edgtf-ni-info edgtf-ni-info-bottom\">\n            \t<div itemprop=\"dateCreated\" class=\"edgtf-post-info-date entry-date published updated\">\n\t\t\t\t\t<a itemprop=\"url\" href=\"https:\/\/filmoskopija.com\/en\/2025\/06\/\">\n\t\t\t\t\t13\/06\/2025\t\t<\/a>\n\t\t<meta itemprop=\"interactionCount\" content=\"UserComments: 0\"\/>\n\t<\/div>\n            \t\t<\/div>\n\t<\/div>\n<\/div><div class=\"edgtf-news-item edgtf-layout1-item edgtf-item-space\">\n\t<div class=\"edgtf-ni-image-holder\">\n\t\t\t<div class=\"edgtf-post-image\">\n\t\t<a itemprop=\"url\" href=\"https:\/\/filmoskopija.com\/en\/toma-nedelja-pokidan-2-2-pevacica-je-svacija-i-nicija\/\" title=\"Toma, Nedelja, Pokidan [2\/2]: Peva\u010dica je sva\u010dija i ni\u010dija\">\n\t\t\t<img decoding=\"async\" width=\"1100\" height=\"550\" src=\"https:\/\/filmoskopija.com\/wp-content\/uploads\/2024\/10\/jpeg-optimizer_TOMA-6-1100x550.jpg\" class=\"attachment-journo_edge_landscape size-journo_edge_landscape\" alt=\"nedelja\" \/>\t\t<\/a>\n\t<\/div>\n        <div class=\"edgtf-ni-like-comments-share-holder\">\n                                            <\/div>\n\t<\/div>\n\t<div class=\"edgtf-ni-content\">\n\t\t<div class=\"edgtf-ni-info edgtf-ni-info-top\">\n            \t<div class=\"edgtf-post-info-category\">\n\t\t<a href=\"https:\/\/filmoskopija.com\/en\/category\/eseji\/\" rel=\"category tag\">Essays<\/a>\t<\/div>\n\t\t<\/div>\n\t\t\n<h3 itemprop=\"name\" class=\"entry-title edgtf-post-title edgtf-custom-style\" >\n<a itemprop=\"url\" href=\"https:\/\/filmoskopija.com\/en\/toma-nedelja-pokidan-2-2-pevacica-je-svacija-i-nicija\/\" title=\"Toma, Nedelja, Pokidan [2\/2]: Peva\u010dica je sva\u010dija i ni\u010dija\">\n    Toma, Nedelja, Pokidan [2\/2]: Peva\u010dica je sva\u010dija i ni\u010dija<\/a>\n<\/h3>\t\t\t\t<div class=\"edgtf-ni-info edgtf-ni-info-bottom\">\n            \t<div itemprop=\"dateCreated\" class=\"edgtf-post-info-date entry-date published updated\">\n\t\t\t\t\t<a itemprop=\"url\" href=\"https:\/\/filmoskopija.com\/en\/2024\/10\/\">\n\t\t\t\t\t25\/10\/2024\t\t<\/a>\n\t\t<meta itemprop=\"interactionCount\" content=\"UserComments: 0\"\/>\n\t<\/div>\n            \t\t<\/div>\n\t<\/div>\n<\/div><div class=\"edgtf-news-item edgtf-layout1-item edgtf-item-space\">\n\t<div class=\"edgtf-ni-image-holder\">\n\t\t\t<div class=\"edgtf-post-image\">\n\t\t<a itemprop=\"url\" href=\"https:\/\/filmoskopija.com\/en\/za-sada-bez-dobrog-naslova-karanoviceva-drustvena-meta-igra\/\" title=\"Za sada bez dobrog naslova: Karanovi\u0107eva dru\u0161tvena meta-igra\">\n\t\t\t<img decoding=\"async\" width=\"1100\" height=\"550\" src=\"https:\/\/filmoskopija.com\/wp-content\/uploads\/2024\/10\/1681975841-Za_sada_bez_22-1100x550.jpg\" class=\"attachment-journo_edge_landscape size-journo_edge_landscape\" alt=\"za sada bez dobrog naslova\" srcset=\"https:\/\/filmoskopija.com\/wp-content\/uploads\/2024\/10\/1681975841-Za_sada_bez_22-1100x550.jpg 1100w, https:\/\/filmoskopija.com\/wp-content\/uploads\/2024\/10\/1681975841-Za_sada_bez_22-18x10.jpg 18w\" sizes=\"(max-width: 1100px) 100vw, 1100px\" \/>\t\t<\/a>\n\t<\/div>\n        <div class=\"edgtf-ni-like-comments-share-holder\">\n                                            <\/div>\n\t<\/div>\n\t<div class=\"edgtf-ni-content\">\n\t\t<div class=\"edgtf-ni-info edgtf-ni-info-top\">\n            \t<div class=\"edgtf-post-info-category\">\n\t\t<a href=\"https:\/\/filmoskopija.com\/en\/category\/eseji\/\" rel=\"category tag\">Essays<\/a>\t<\/div>\n\t\t<\/div>\n\t\t\n<h3 itemprop=\"name\" class=\"entry-title edgtf-post-title edgtf-custom-style\" >\n<a itemprop=\"url\" href=\"https:\/\/filmoskopija.com\/en\/za-sada-bez-dobrog-naslova-karanoviceva-drustvena-meta-igra\/\" title=\"Za sada bez dobrog naslova: Karanovi\u0107eva dru\u0161tvena meta-igra\">\n    Za sada bez dobrog naslova: Karanovi\u0107eva dru\u0161tvena meta-igra<\/a>\n<\/h3>\t\t\t\t<div class=\"edgtf-ni-info edgtf-ni-info-bottom\">\n            \t<div itemprop=\"dateCreated\" class=\"edgtf-post-info-date entry-date published updated\">\n\t\t\t\t\t<a itemprop=\"url\" href=\"https:\/\/filmoskopija.com\/en\/2024\/10\/\">\n\t\t\t\t\t12\/10\/2024\t\t<\/a>\n\t\t<meta itemprop=\"interactionCount\" content=\"UserComments: 0\"\/>\n\t<\/div>\n            \t\t<\/div>\n\t<\/div>\n<\/div><div class=\"edgtf-news-item edgtf-layout1-item edgtf-item-space\">\n\t<div class=\"edgtf-ni-image-holder\">\n\t\t\t<div class=\"edgtf-post-image\">\n\t\t<a itemprop=\"url\" href=\"https:\/\/filmoskopija.com\/en\/toma-nedelja-pokidan-1-2-kafana-je-cija-istina\/\" title=\"Toma, Nedelja, Pokidan [1\/2]: Kafana je \u010dija istina\">\n\t\t\t<img decoding=\"async\" width=\"1100\" height=\"550\" src=\"https:\/\/filmoskopija.com\/wp-content\/uploads\/2024\/08\/TOMA-2_11zon-1100x550.jpg\" class=\"attachment-journo_edge_landscape size-journo_edge_landscape\" alt=\"toma\" \/>\t\t<\/a>\n\t<\/div>\n        <div class=\"edgtf-ni-like-comments-share-holder\">\n                                            <\/div>\n\t<\/div>\n\t<div class=\"edgtf-ni-content\">\n\t\t<div class=\"edgtf-ni-info edgtf-ni-info-top\">\n            \t<div class=\"edgtf-post-info-category\">\n\t\t<a href=\"https:\/\/filmoskopija.com\/en\/category\/eseji\/\" rel=\"category tag\">Essays<\/a>\t<\/div>\n\t\t<\/div>\n\t\t\n<h3 itemprop=\"name\" class=\"entry-title edgtf-post-title edgtf-custom-style\" >\n<a itemprop=\"url\" href=\"https:\/\/filmoskopija.com\/en\/toma-nedelja-pokidan-1-2-kafana-je-cija-istina\/\" title=\"Toma, Nedelja, Pokidan [1\/2]: Kafana je \u010dija istina\">\n    Toma, Nedelja, Pokidan [1\/2]: Kafana je \u010dija istina<\/a>\n<\/h3>\t\t\t\t<div class=\"edgtf-ni-info edgtf-ni-info-bottom\">\n            \t<div itemprop=\"dateCreated\" class=\"edgtf-post-info-date entry-date published updated\">\n\t\t\t\t\t<a itemprop=\"url\" href=\"https:\/\/filmoskopija.com\/en\/2024\/09\/\">\n\t\t\t\t\t16\/09\/2024\t\t<\/a>\n\t\t<meta itemprop=\"interactionCount\" content=\"UserComments: 0\"\/>\n\t<\/div>\n            \t\t<\/div>\n\t<\/div>\n<\/div><div class=\"edgtf-news-item edgtf-layout1-item edgtf-item-space\">\n\t<div class=\"edgtf-ni-image-holder\">\n\t\t\t<div class=\"edgtf-post-image\">\n\t\t<a itemprop=\"url\" href=\"https:\/\/filmoskopija.com\/en\/radnicka-klasa-ide-u-pakao-poor-eat-the-poor\/\" title=\"Radni\u010dka klasa ide u pakao: Poor eat the Poor\">\n\t\t\t<img decoding=\"async\" width=\"1100\" height=\"550\" src=\"https:\/\/filmoskopija.com\/wp-content\/uploads\/2024\/03\/radnicka_klasa_ide_u_pakao_01-1100x550.jpg\" class=\"attachment-journo_edge_landscape size-journo_edge_landscape\" alt=\"radni\u010dka klasa ide u pakao\" srcset=\"https:\/\/filmoskopija.com\/wp-content\/uploads\/2024\/03\/radnicka_klasa_ide_u_pakao_01-1100x550.jpg 1100w, https:\/\/filmoskopija.com\/wp-content\/uploads\/2024\/03\/radnicka_klasa_ide_u_pakao_01-18x10.jpg 18w\" sizes=\"(max-width: 1100px) 100vw, 1100px\" \/>\t\t<\/a>\n\t<\/div>\n        <div class=\"edgtf-ni-like-comments-share-holder\">\n                                            <\/div>\n\t<\/div>\n\t<div class=\"edgtf-ni-content\">\n\t\t<div class=\"edgtf-ni-info edgtf-ni-info-top\">\n            \t<div class=\"edgtf-post-info-category\">\n\t\t<a href=\"https:\/\/filmoskopija.com\/en\/category\/eseji\/\" rel=\"category tag\">Essays<\/a>\t<\/div>\n\t\t<\/div>\n\t\t\n<h3 itemprop=\"name\" class=\"entry-title edgtf-post-title edgtf-custom-style\" >\n<a itemprop=\"url\" href=\"https:\/\/filmoskopija.com\/en\/radnicka-klasa-ide-u-pakao-poor-eat-the-poor\/\" title=\"Radni\u010dka klasa ide u pakao: Poor eat the Poor\">\n    Radni\u010dka klasa ide u pakao: Poor eat the Poor<\/a>\n<\/h3>\t\t\t\t<div class=\"edgtf-ni-info edgtf-ni-info-bottom\">\n            \t<div itemprop=\"dateCreated\" class=\"edgtf-post-info-date entry-date published updated\">\n\t\t\t\t\t<a itemprop=\"url\" href=\"https:\/\/filmoskopija.com\/en\/2024\/03\/\">\n\t\t\t\t\t31\/03\/2024\t\t<\/a>\n\t\t<meta itemprop=\"interactionCount\" content=\"UserComments: 0\"\/>\n\t<\/div>\n            \t\t<\/div>\n\t<\/div>\n<\/div><\/div><\/div><\/div><\/div><\/div><\/div>\n<\/div>","protected":false},"excerpt":{"rendered":"Esej o filmu Radni\u010dka klasa ide u pakao Mladen [...]","protected":false},"author":1,"featured_media":0,"parent":0,"menu_order":0,"comment_status":"closed","ping_status":"closed","template":"","meta":{"footnotes":""},"class_list":["post-5027","page","type-page","status-publish","hentry"],"yoast_head":"<!-- This site is optimized with the Yoast SEO plugin v26.6 - https:\/\/yoast.com\/wordpress\/plugins\/seo\/ -->\n<title>Eseji - Filmoskopija<\/title>\n<meta name=\"robots\" content=\"index, follow, max-snippet:-1, max-image-preview:large, max-video-preview:-1\" \/>\n<link rel=\"canonical\" href=\"https:\/\/filmoskopija.com\/en\/eseji\/\" \/>\n<meta property=\"og:locale\" content=\"en_US\" \/>\n<meta property=\"og:type\" content=\"article\" \/>\n<meta property=\"og:title\" content=\"Eseji - Filmoskopija\" \/>\n<meta property=\"og:url\" content=\"https:\/\/filmoskopija.com\/en\/eseji\/\" \/>\n<meta property=\"og:site_name\" content=\"Filmoskopija\" \/>\n<meta property=\"article:modified_time\" content=\"2024-11-08T15:26:15+00:00\" \/>\n<meta name=\"twitter:card\" content=\"summary_large_image\" \/>\n<meta name=\"twitter:label1\" content=\"Est. reading time\" \/>\n\t<meta name=\"twitter:data1\" content=\"1 minute\" \/>\n<script type=\"application\/ld+json\" class=\"yoast-schema-graph\">{\"@context\":\"https:\/\/schema.org\",\"@graph\":[{\"@type\":\"WebPage\",\"@id\":\"https:\/\/filmoskopija.com\/eseji\/\",\"url\":\"https:\/\/filmoskopija.com\/eseji\/\",\"name\":\"Eseji - Filmoskopija\",\"isPartOf\":{\"@id\":\"https:\/\/filmoskopija.com\/#website\"},\"datePublished\":\"2024-03-13T23:05:21+00:00\",\"dateModified\":\"2024-11-08T15:26:15+00:00\",\"breadcrumb\":{\"@id\":\"https:\/\/filmoskopija.com\/eseji\/#breadcrumb\"},\"inLanguage\":\"en-US\",\"potentialAction\":[{\"@type\":\"ReadAction\",\"target\":[\"https:\/\/filmoskopija.com\/eseji\/\"]}]},{\"@type\":\"BreadcrumbList\",\"@id\":\"https:\/\/filmoskopija.com\/eseji\/#breadcrumb\",\"itemListElement\":[{\"@type\":\"ListItem\",\"position\":1,\"name\":\"Home\",\"item\":\"https:\/\/filmoskopija.com\/\"},{\"@type\":\"ListItem\",\"position\":2,\"name\":\"Eseji\"}]},{\"@type\":\"WebSite\",\"@id\":\"https:\/\/filmoskopija.com\/#website\",\"url\":\"https:\/\/filmoskopija.com\/\",\"name\":\"Filmoskopija\",\"description\":\"Filmske kritike, eseji, intervjui i vesti.\",\"potentialAction\":[{\"@type\":\"SearchAction\",\"target\":{\"@type\":\"EntryPoint\",\"urlTemplate\":\"https:\/\/filmoskopija.com\/?s={search_term_string}\"},\"query-input\":{\"@type\":\"PropertyValueSpecification\",\"valueRequired\":true,\"valueName\":\"search_term_string\"}}],\"inLanguage\":\"en-US\"}]}<\/script>\n<!-- \/ Yoast SEO plugin. -->","yoast_head_json":{"title":"Eseji - Filmoskopija","robots":{"index":"index","follow":"follow","max-snippet":"max-snippet:-1","max-image-preview":"max-image-preview:large","max-video-preview":"max-video-preview:-1"},"canonical":"https:\/\/filmoskopija.com\/en\/eseji\/","og_locale":"en_US","og_type":"article","og_title":"Eseji - Filmoskopija","og_url":"https:\/\/filmoskopija.com\/en\/eseji\/","og_site_name":"Filmoskopija","article_modified_time":"2024-11-08T15:26:15+00:00","twitter_card":"summary_large_image","twitter_misc":{"Est. reading time":"1 minute"},"schema":{"@context":"https:\/\/schema.org","@graph":[{"@type":"WebPage","@id":"https:\/\/filmoskopija.com\/eseji\/","url":"https:\/\/filmoskopija.com\/eseji\/","name":"Eseji - Filmoskopija","isPartOf":{"@id":"https:\/\/filmoskopija.com\/#website"},"datePublished":"2024-03-13T23:05:21+00:00","dateModified":"2024-11-08T15:26:15+00:00","breadcrumb":{"@id":"https:\/\/filmoskopija.com\/eseji\/#breadcrumb"},"inLanguage":"en-US","potentialAction":[{"@type":"ReadAction","target":["https:\/\/filmoskopija.com\/eseji\/"]}]},{"@type":"BreadcrumbList","@id":"https:\/\/filmoskopija.com\/eseji\/#breadcrumb","itemListElement":[{"@type":"ListItem","position":1,"name":"Home","item":"https:\/\/filmoskopija.com\/"},{"@type":"ListItem","position":2,"name":"Eseji"}]},{"@type":"WebSite","@id":"https:\/\/filmoskopija.com\/#website","url":"https:\/\/filmoskopija.com\/","name":"Filmoskopija","description":"Filmske kritike, eseji, intervjui i vesti.","potentialAction":[{"@type":"SearchAction","target":{"@type":"EntryPoint","urlTemplate":"https:\/\/filmoskopija.com\/?s={search_term_string}"},"query-input":{"@type":"PropertyValueSpecification","valueRequired":true,"valueName":"search_term_string"}}],"inLanguage":"en-US"}]}},"_links":{"self":[{"href":"https:\/\/filmoskopija.com\/en\/wp-json\/wp\/v2\/pages\/5027","targetHints":{"allow":["GET"]}}],"collection":[{"href":"https:\/\/filmoskopija.com\/en\/wp-json\/wp\/v2\/pages"}],"about":[{"href":"https:\/\/filmoskopija.com\/en\/wp-json\/wp\/v2\/types\/page"}],"author":[{"embeddable":true,"href":"https:\/\/filmoskopija.com\/en\/wp-json\/wp\/v2\/users\/1"}],"replies":[{"embeddable":true,"href":"https:\/\/filmoskopija.com\/en\/wp-json\/wp\/v2\/comments?post=5027"}],"version-history":[{"count":5,"href":"https:\/\/filmoskopija.com\/en\/wp-json\/wp\/v2\/pages\/5027\/revisions"}],"predecessor-version":[{"id":5631,"href":"https:\/\/filmoskopija.com\/en\/wp-json\/wp\/v2\/pages\/5027\/revisions\/5631"}],"wp:attachment":[{"href":"https:\/\/filmoskopija.com\/en\/wp-json\/wp\/v2\/media?parent=5027"}],"curies":[{"name":"wp","href":"https:\/\/api.w.org\/{rel}","templated":true}]}}