{"id":5091,"date":"2024-03-20T20:59:35","date_gmt":"2024-03-20T20:59:35","guid":{"rendered":"https:\/\/filmoskopija.com\/?page_id=5091"},"modified":"2026-04-14T14:56:34","modified_gmt":"2026-04-14T12:56:34","slug":"o-nama","status":"publish","type":"page","link":"https:\/\/filmoskopija.com\/en\/o-nama\/","title":{"rendered":"O nama \/ About Us"},"content":{"rendered":"<div class=\"wpb-content-wrapper\"><div class=\"vc_row wpb_row vc_row-fluid vc_custom_1710969002047 vc_row-has-fill\" ><div class=\"wpb_column vc_column_container vc_col-sm-12\"><div class=\"vc_column-inner\"><div class=\"wpb_wrapper\">\n\t<div class=\"wpb_text_column wpb_content_element\" >\n\t\t<div class=\"wpb_wrapper\">\n\t\t\t<h4><b>Glavni urednik \/ <\/b><em>Editor-in-Chief<\/em><\/h4>\n<p><a href=\"https:\/\/filmoskopija.com\/en\/author\/nikola_radic\/\">Nikola Radi\u0107<\/a><\/p>\n<p>&nbsp;<\/p>\n<h4><b>Koordinator redakcije \/ <\/b><em>Coordinator<\/em><\/h4>\n<p>Dejan Pr\u0107i\u0107<\/p>\n<p>&nbsp;<\/p>\n<h4><strong>Saradnica na ure\u0111ivanju \/ <\/strong><em>Editorial Assistant<\/em><\/h4>\n<p><a href=\"https:\/\/filmoskopija.com\/en\/author\/ana_djosev\/\">Ana \u0110o\u0161ev<\/a><\/p>\n<p>&nbsp;<\/p>\n<h4><b>Autorke i autori \/ <\/b><em>Contributors<\/em><\/h4>\n<p><a href=\"https:\/\/filmoskopija.com\/en\/author\/pavla_banjac\/\">Pavla Banjac<\/a><\/p>\n<p><a href=\"https:\/\/filmoskopija.com\/en\/author\/danilo_brakocevic\/\">Danilo Brako\u010devi\u0107<\/a><\/p>\n<p><a href=\"https:\/\/filmoskopija.com\/en\/author\/jovanadinic\/\">Jovana Dini\u0107<\/a><\/p>\n<p><a href=\"https:\/\/filmoskopija.com\/en\/author\/ivona_djuric\/\">Ivona \u0110uri\u0107<\/a><\/p>\n<p><a href=\"https:\/\/filmoskopija.com\/en\/author\/ana_filipovic\/\">Ana Filipovi\u0107<\/a><\/p>\n<p><a href=\"https:\/\/filmoskopija.com\/en\/author\/nicolasfougairolle\/\">Nicolas Fougairolle<\/a><\/p>\n<p><a href=\"https:\/\/filmoskopija.com\/en\/author\/nikolagocic\/\">Nikola Goci\u0107<\/a><\/p>\n<p><a href=\"https:\/\/filmoskopija.com\/en\/author\/teodorajovanovic\/\">Teodora Jovanovi\u0107<\/a><\/p>\n<p><a href=\"https:\/\/filmoskopija.com\/en\/author\/iva_lekovic\/\">Iva Lekovi\u0107<\/a><\/p>\n<p><a href=\"https:\/\/filmoskopija.com\/en\/author\/pavlelevi\/\">Pavle Levi<\/a><\/p>\n<p><a href=\"https:\/\/filmoskopija.com\/en\/author\/isidora_mitri\/\">Isidora Mitri<\/a><\/p>\n<p><a href=\"https:\/\/filmoskopija.com\/en\/author\/mina_stanikic\/\">Mina Staniki\u0107<\/a><\/p>\n<p><a href=\"https:\/\/filmoskopija.com\/en\/author\/sofijastojanovic\/\">Sofija Stojanovi\u0107<\/a><\/p>\n<p><a href=\"https:\/\/filmoskopija.com\/en\/author\/anjascepanovic\/\">Anja \u0160\u0107epanovi\u0107<\/a><\/p>\n<p>&nbsp;<\/p>\n<p>Nastala 2019. kao projekat pod pokroviteljstvom Filmskog centra Srbije, Filmoskopija je od 1. januara 2024. nezavistan portal. Redakcija je objavila i knjigu <i><a href=\"https:\/\/www.goodreads.com\/book\/show\/203145464-filmoskopija\">Filmoskopija: Odabrani tekstovi o savremenom srpskom filmu 2010-2023<\/a>.<\/i><\/p>\n<p><i>Created in 2019 under the aegis of Film Center Serbia, Filmoskopija began operating as an independent web outlet on January 1st, 2024. Our editorial team has also published a printed collection of texts on contemporary Serbian cinema titled <\/i>Filmoskopija: Odabrani tekstovi o savremenom srpskom filmu 2010-2023<em>.\u00a0<\/em><\/p>\n<div><\/div>\n<p>Za predloge za saradnju, komentare i sugestije pi\u0161ite nam na redakcija@filmoskopija.com.<\/p>\n<p><em>Feel free to contact us at redakcija@filmoskopija.com.<\/em><\/p>\n\n\t\t<\/div>\n\t<\/div>\n<\/div><\/div><\/div><\/div><div class=\"vc_row wpb_row vc_row-fluid vc_custom_1710969725989 vc_row-has-fill\" ><div class=\"wpb_column vc_column_container vc_col-sm-12\"><div class=\"vc_column-inner\"><div class=\"wpb_wrapper\">\n\t<div class=\"wpb_text_column wpb_content_element vc_custom_1746440943577\" >\n\t\t<div class=\"wpb_wrapper\">\n\t\t\t\n\t\t<\/div>\n\t<\/div>\n<div class=\"edgtf-single-image-holder\">\n    <div class=\"edgtf-si-inner\" >\n                                                            <\/div>\n<\/div><\/div><\/div><\/div><\/div>\n<\/div>","protected":false},"excerpt":{"rendered":"Glavni urednik \/ Editor-in-Chief Nikola Radi\u0107 &nbsp; Koordinator redakcije [...]","protected":false},"author":1,"featured_media":0,"parent":0,"menu_order":0,"comment_status":"closed","ping_status":"closed","template":"","meta":{"footnotes":""},"class_list":["post-5091","page","type-page","status-publish","hentry"],"yoast_head":"<!-- This site is optimized with the Yoast SEO plugin v26.6 - https:\/\/yoast.com\/wordpress\/plugins\/seo\/ -->\n<title>O nama \/ About Us - Filmoskopija<\/title>\n<meta name=\"robots\" content=\"index, follow, max-snippet:-1, max-image-preview:large, max-video-preview:-1\" \/>\n<link rel=\"canonical\" href=\"https:\/\/filmoskopija.com\/en\/o-nama\/\" \/>\n<meta property=\"og:locale\" content=\"en_US\" \/>\n<meta property=\"og:type\" content=\"article\" \/>\n<meta property=\"og:title\" content=\"O nama \/ About Us - Filmoskopija\" \/>\n<meta property=\"og:url\" content=\"https:\/\/filmoskopija.com\/en\/o-nama\/\" \/>\n<meta property=\"og:site_name\" content=\"Filmoskopija\" \/>\n<meta property=\"article:modified_time\" content=\"2026-04-14T12:56:34+00:00\" \/>\n<meta name=\"twitter:card\" content=\"summary_large_image\" \/>\n<meta name=\"twitter:label1\" content=\"Est. reading time\" \/>\n\t<meta name=\"twitter:data1\" content=\"1 minute\" \/>\n<script type=\"application\/ld+json\" class=\"yoast-schema-graph\">{\"@context\":\"https:\/\/schema.org\",\"@graph\":[{\"@type\":\"WebPage\",\"@id\":\"https:\/\/filmoskopija.com\/o-nama\/\",\"url\":\"https:\/\/filmoskopija.com\/o-nama\/\",\"name\":\"O nama \/ About Us - Filmoskopija\",\"isPartOf\":{\"@id\":\"https:\/\/filmoskopija.com\/#website\"},\"datePublished\":\"2024-03-20T20:59:35+00:00\",\"dateModified\":\"2026-04-14T12:56:34+00:00\",\"breadcrumb\":{\"@id\":\"https:\/\/filmoskopija.com\/o-nama\/#breadcrumb\"},\"inLanguage\":\"en-US\",\"potentialAction\":[{\"@type\":\"ReadAction\",\"target\":[\"https:\/\/filmoskopija.com\/o-nama\/\"]}]},{\"@type\":\"BreadcrumbList\",\"@id\":\"https:\/\/filmoskopija.com\/o-nama\/#breadcrumb\",\"itemListElement\":[{\"@type\":\"ListItem\",\"position\":1,\"name\":\"Home\",\"item\":\"https:\/\/filmoskopija.com\/\"},{\"@type\":\"ListItem\",\"position\":2,\"name\":\"O nama \/ About Us\"}]},{\"@type\":\"WebSite\",\"@id\":\"https:\/\/filmoskopija.com\/#website\",\"url\":\"https:\/\/filmoskopija.com\/\",\"name\":\"Filmoskopija\",\"description\":\"Filmske kritike, eseji, intervjui i vesti.\",\"potentialAction\":[{\"@type\":\"SearchAction\",\"target\":{\"@type\":\"EntryPoint\",\"urlTemplate\":\"https:\/\/filmoskopija.com\/?s={search_term_string}\"},\"query-input\":{\"@type\":\"PropertyValueSpecification\",\"valueRequired\":true,\"valueName\":\"search_term_string\"}}],\"inLanguage\":\"en-US\"}]}<\/script>\n<!-- \/ Yoast SEO plugin. -->","yoast_head_json":{"title":"O nama \/ About Us - Filmoskopija","robots":{"index":"index","follow":"follow","max-snippet":"max-snippet:-1","max-image-preview":"max-image-preview:large","max-video-preview":"max-video-preview:-1"},"canonical":"https:\/\/filmoskopija.com\/en\/o-nama\/","og_locale":"en_US","og_type":"article","og_title":"O nama \/ About Us - Filmoskopija","og_url":"https:\/\/filmoskopija.com\/en\/o-nama\/","og_site_name":"Filmoskopija","article_modified_time":"2026-04-14T12:56:34+00:00","twitter_card":"summary_large_image","twitter_misc":{"Est. reading time":"1 minute"},"schema":{"@context":"https:\/\/schema.org","@graph":[{"@type":"WebPage","@id":"https:\/\/filmoskopija.com\/o-nama\/","url":"https:\/\/filmoskopija.com\/o-nama\/","name":"O nama \/ About Us - Filmoskopija","isPartOf":{"@id":"https:\/\/filmoskopija.com\/#website"},"datePublished":"2024-03-20T20:59:35+00:00","dateModified":"2026-04-14T12:56:34+00:00","breadcrumb":{"@id":"https:\/\/filmoskopija.com\/o-nama\/#breadcrumb"},"inLanguage":"en-US","potentialAction":[{"@type":"ReadAction","target":["https:\/\/filmoskopija.com\/o-nama\/"]}]},{"@type":"BreadcrumbList","@id":"https:\/\/filmoskopija.com\/o-nama\/#breadcrumb","itemListElement":[{"@type":"ListItem","position":1,"name":"Home","item":"https:\/\/filmoskopija.com\/"},{"@type":"ListItem","position":2,"name":"O nama \/ About Us"}]},{"@type":"WebSite","@id":"https:\/\/filmoskopija.com\/#website","url":"https:\/\/filmoskopija.com\/","name":"Filmoskopija","description":"Filmske kritike, eseji, intervjui i vesti.","potentialAction":[{"@type":"SearchAction","target":{"@type":"EntryPoint","urlTemplate":"https:\/\/filmoskopija.com\/?s={search_term_string}"},"query-input":{"@type":"PropertyValueSpecification","valueRequired":true,"valueName":"search_term_string"}}],"inLanguage":"en-US"}]}},"_links":{"self":[{"href":"https:\/\/filmoskopija.com\/en\/wp-json\/wp\/v2\/pages\/5091","targetHints":{"allow":["GET"]}}],"collection":[{"href":"https:\/\/filmoskopija.com\/en\/wp-json\/wp\/v2\/pages"}],"about":[{"href":"https:\/\/filmoskopija.com\/en\/wp-json\/wp\/v2\/types\/page"}],"author":[{"embeddable":true,"href":"https:\/\/filmoskopija.com\/en\/wp-json\/wp\/v2\/users\/1"}],"replies":[{"embeddable":true,"href":"https:\/\/filmoskopija.com\/en\/wp-json\/wp\/v2\/comments?post=5091"}],"version-history":[{"count":37,"href":"https:\/\/filmoskopija.com\/en\/wp-json\/wp\/v2\/pages\/5091\/revisions"}],"predecessor-version":[{"id":6212,"href":"https:\/\/filmoskopija.com\/en\/wp-json\/wp\/v2\/pages\/5091\/revisions\/6212"}],"wp:attachment":[{"href":"https:\/\/filmoskopija.com\/en\/wp-json\/wp\/v2\/media?parent=5091"}],"curies":[{"name":"wp","href":"https:\/\/api.w.org\/{rel}","templated":true}]}}